{"id":1191,"date":"2021-05-10T04:47:49","date_gmt":"2021-05-10T04:47:49","guid":{"rendered":"http:\/\/z.commonsupport.com\/zemen\/?page_id=1191"},"modified":"2025-09-29T18:11:34","modified_gmt":"2025-09-29T22:11:34","slug":"bienvenida","status":"publish","type":"page","link":"https:\/\/colegio-humboldt.com\/index.php\/bienvenida\/","title":{"rendered":"Bienvenida"},"content":{"rendered":"\t\t<div data-elementor-type=\"wp-page\" data-elementor-id=\"1191\" class=\"elementor elementor-1191\">\n\t\t\t\t\t\t<section class=\"elementor-section elementor-top-section elementor-element elementor-element-4e3b9c1 elementor-section-full_width elementor-section-height-default elementor-section-height-default\" data-id=\"4e3b9c1\" data-element_type=\"section\" data-settings=\"{&quot;background_background&quot;:&quot;classic&quot;}\">\n\t\t\t\t\t\t<div class=\"elementor-container elementor-column-gap-no\">\n\t\t\t\t\t<div class=\"elementor-column elementor-col-100 elementor-top-column elementor-element elementor-element-0f1bcdc\" data-id=\"0f1bcdc\" data-element_type=\"column\">\n\t\t\t<div class=\"elementor-widget-wrap elementor-element-populated\">\n\t\t\t\t\t\t<div class=\"elementor-element elementor-element-17e6e7c elementor-widget elementor-widget-text-editor\" data-id=\"17e6e7c\" data-element_type=\"widget\" data-widget_type=\"text-editor.default\">\n\t\t\t\t<div class=\"elementor-widget-container\">\n\t\t\t\t\t\t\t\t\t<p><img fetchpriority=\"high\" decoding=\"async\" width=\"1676\" height=\"754\" class=\"size-medium wp-image-3629 aligncenter\" src=\"https:\/\/giganetsoft.info\/ch\/wp-content\/uploads\/2023\/02\/bienvenidos1.jpg\" alt=\"\" srcset=\"https:\/\/colegio-humboldt.com\/wp-content\/uploads\/2023\/02\/bienvenidos1.jpg 1676w, https:\/\/colegio-humboldt.com\/wp-content\/uploads\/2023\/02\/bienvenidos1-300x135.jpg 300w, https:\/\/colegio-humboldt.com\/wp-content\/uploads\/2023\/02\/bienvenidos1-1024x461.jpg 1024w, https:\/\/colegio-humboldt.com\/wp-content\/uploads\/2023\/02\/bienvenidos1-768x346.jpg 768w, https:\/\/colegio-humboldt.com\/wp-content\/uploads\/2023\/02\/bienvenidos1-1536x691.jpg 1536w\" sizes=\"(max-width: 1676px) 100vw, 1676px\" \/><\/p>\t\t\t\t\t\t\t\t<\/div>\n\t\t\t\t<\/div>\n\t\t\t\t\t<\/div>\n\t\t<\/div>\n\t\t\t\t\t<\/div>\n\t\t<\/section>\n\t\t\t\t<section class=\"elementor-section elementor-top-section elementor-element elementor-element-b7f5d4c elementor-section-boxed elementor-section-height-default elementor-section-height-default\" data-id=\"b7f5d4c\" data-element_type=\"section\">\n\t\t\t\t\t\t<div class=\"elementor-container elementor-column-gap-default\">\n\t\t\t\t\t<div class=\"elementor-column elementor-col-100 elementor-top-column elementor-element elementor-element-86d049b\" data-id=\"86d049b\" data-element_type=\"column\">\n\t\t\t<div class=\"elementor-widget-wrap\">\n\t\t\t\t\t\t\t<\/div>\n\t\t<\/div>\n\t\t\t\t\t<\/div>\n\t\t<\/section>\n\t\t\t\t<section class=\"elementor-section elementor-top-section elementor-element elementor-element-8899ab9 elementor-section-stretched elementor-section-boxed elementor-section-height-default elementor-section-height-default\" data-id=\"8899ab9\" data-element_type=\"section\" data-settings=\"{&quot;stretch_section&quot;:&quot;section-stretched&quot;,&quot;background_background&quot;:&quot;classic&quot;}\">\n\t\t\t\t\t\t<div class=\"elementor-container elementor-column-gap-no\">\n\t\t\t\t\t<div class=\"elementor-column elementor-col-100 elementor-top-column elementor-element elementor-element-83c9759\" data-id=\"83c9759\" data-element_type=\"column\">\n\t\t\t<div class=\"elementor-widget-wrap elementor-element-populated\">\n\t\t\t\t\t\t<div class=\"elementor-element elementor-element-6d3c299 elementor-widget elementor-widget-text-editor\" data-id=\"6d3c299\" data-element_type=\"widget\" data-widget_type=\"text-editor.default\">\n\t\t\t\t<div class=\"elementor-widget-container\">\n\t\t\t\t\t\t\t\t\t<h5 style=\"background-color: #f2f2f2; font-family: Roboto, sans-serif; color: #173760;\"><b>\u00a0<\/b><\/h5><h5 style=\"background-color: #f2f2f2; font-family: Roboto, sans-serif; color: #173760;\"><b>Queridas familias de nuestra comunidad Humboldt:<\/b><\/h5>\t\t\t\t\t\t\t\t<\/div>\n\t\t\t\t<\/div>\n\t\t\t\t<div class=\"elementor-element elementor-element-7bfcc24 elementor-widget elementor-widget-text-editor\" data-id=\"7bfcc24\" data-element_type=\"widget\" data-widget_type=\"text-editor.default\">\n\t\t\t\t<div class=\"elementor-widget-container\">\n\t\t\t\t\t\t\t\t\t<h4>\u00a0<\/h4><p>Con mucho entusiasmo les damos la bienvenida al nuevo a\u00f1o escolar en todas las \u00e1reas acad\u00e9micas. Estamos preparados para recibir a nuestros estudiantes con renovada energ\u00eda, compromiso y el firme prop\u00f3sito de seguir formando ciudadanos \u00edntegros, creativos y responsables.<\/p><p>Agradecemos a las familias por su apoyo constante y a todo el personal docente y administrativo por el esfuerzo realizado en estos d\u00edas de preparaci\u00f3n. Estamos seguros de que este ser\u00e1 un a\u00f1o de grandes aprendizajes y logros compartidos.<\/p>\t\t\t\t\t\t\t\t<\/div>\n\t\t\t\t<\/div>\n\t\t\t\t<div class=\"elementor-element elementor-element-9ff58af elementor-widget elementor-widget-video\" data-id=\"9ff58af\" data-element_type=\"widget\" data-settings=\"{&quot;video_type&quot;:&quot;hosted&quot;,&quot;autoplay&quot;:&quot;yes&quot;,&quot;controls&quot;:&quot;yes&quot;}\" data-widget_type=\"video.default\">\n\t\t\t\t<div class=\"elementor-widget-container\">\n\t\t\t\t\t\t\t<div class=\"e-hosted-video elementor-wrapper elementor-open-inline\">\n\t\t\t\t\t<video class=\"elementor-video\" src=\"https:\/\/colegio-humboldt.com\/wp-content\/uploads\/2025\/09\/Colegio-Humboldt-4-General.mp4\" autoplay=\"\" controls=\"\" controlsList=\"nodownload\"><\/video>\n\t\t\t\t<\/div>\n\t\t\t\t\t\t<\/div>\n\t\t\t\t<\/div>\n\t\t\t\t<div class=\"elementor-element elementor-element-17545ea elementor-widget elementor-widget-text-editor\" data-id=\"17545ea\" data-element_type=\"widget\" data-widget_type=\"text-editor.default\">\n\t\t\t\t<div class=\"elementor-widget-container\">\n\t\t\t\t\t\t\t\t\t<p><b>Lcda. Zoraida A. Pereira de Navarro<\/b><\/p>\n<p><b>DIRECTORA<\/b><\/p><p><b><br><\/b><\/p>\t\t\t\t\t\t\t\t<\/div>\n\t\t\t\t<\/div>\n\t\t\t\t\t<\/div>\n\t\t<\/div>\n\t\t\t\t\t<\/div>\n\t\t<\/section>\n\t\t\t\t<section class=\"elementor-section elementor-top-section elementor-element elementor-element-ecd816a elementor-section-full_width elementor-section-height-default elementor-section-height-default\" data-id=\"ecd816a\" data-element_type=\"section\" data-settings=\"{&quot;background_background&quot;:&quot;classic&quot;}\">\n\t\t\t\t\t\t<div class=\"elementor-container elementor-column-gap-no\">\n\t\t\t\t\t<div class=\"elementor-column elementor-col-100 elementor-top-column elementor-element elementor-element-ad9f083\" data-id=\"ad9f083\" data-element_type=\"column\">\n\t\t\t<div class=\"elementor-widget-wrap elementor-element-populated\">\n\t\t\t\t\t\t<div class=\"elementor-element elementor-element-ddc2b2d elementor-widget elementor-widget-text-editor\" data-id=\"ddc2b2d\" data-element_type=\"widget\" data-widget_type=\"text-editor.default\">\n\t\t\t\t<div class=\"elementor-widget-container\">\n\t\t\t\t\t\t\t\t\t<br><br><img decoding=\"async\" width=\"640\" height=\"546\" class=\"size-medium wp-image-3668 aligncenter\" src=\"https:\/\/giganetsoft.info\/ch\/wp-content\/uploads\/2023\/02\/foto_bienvenida.jpg\" alt=\"\" srcset=\"https:\/\/colegio-humboldt.com\/wp-content\/uploads\/2023\/02\/foto_bienvenida.jpg 640w, https:\/\/colegio-humboldt.com\/wp-content\/uploads\/2023\/02\/foto_bienvenida-300x256.jpg 300w\" sizes=\"(max-width: 640px) 100vw, 640px\" \/><br><br>\t\t\t\t\t\t\t\t<\/div>\n\t\t\t\t<\/div>\n\t\t\t\t\t<\/div>\n\t\t<\/div>\n\t\t\t\t\t<\/div>\n\t\t<\/section>\n\t\t\t\t<\/div>\n\t\t","protected":false},"excerpt":{"rendered":"<p>\u00a0 Queridas familias de nuestra comunidad Humboldt: \u00a0 Con mucho entusiasmo les damos la bienvenida al nuevo a\u00f1o escolar en todas las \u00e1reas acad\u00e9micas. Estamos preparados para recibir a nuestros estudiantes con renovada energ\u00eda, compromiso y el firme prop\u00f3sito de seguir formando ciudadanos \u00edntegros, creativos y responsables. Agradecemos a las familias por su apoyo constante [&hellip;]<\/p>\n","protected":false},"author":1,"featured_media":0,"parent":0,"menu_order":0,"comment_status":"closed","ping_status":"closed","template":"tpl-default-elementor.php","meta":{"footnotes":""},"class_list":["post-1191","page","type-page","status-publish","hentry"],"_links":{"self":[{"href":"https:\/\/colegio-humboldt.com\/index.php\/wp-json\/wp\/v2\/pages\/1191","targetHints":{"allow":["GET"]}}],"collection":[{"href":"https:\/\/colegio-humboldt.com\/index.php\/wp-json\/wp\/v2\/pages"}],"about":[{"href":"https:\/\/colegio-humboldt.com\/index.php\/wp-json\/wp\/v2\/types\/page"}],"author":[{"embeddable":true,"href":"https:\/\/colegio-humboldt.com\/index.php\/wp-json\/wp\/v2\/users\/1"}],"replies":[{"embeddable":true,"href":"https:\/\/colegio-humboldt.com\/index.php\/wp-json\/wp\/v2\/comments?post=1191"}],"version-history":[{"count":74,"href":"https:\/\/colegio-humboldt.com\/index.php\/wp-json\/wp\/v2\/pages\/1191\/revisions"}],"predecessor-version":[{"id":4512,"href":"https:\/\/colegio-humboldt.com\/index.php\/wp-json\/wp\/v2\/pages\/1191\/revisions\/4512"}],"wp:attachment":[{"href":"https:\/\/colegio-humboldt.com\/index.php\/wp-json\/wp\/v2\/media?parent=1191"}],"curies":[{"name":"wp","href":"https:\/\/api.w.org\/{rel}","templated":true}]}}